{"id":9,"date":"2015-11-14T10:59:24","date_gmt":"2015-11-14T08:59:24","guid":{"rendered":"https:\/\/www.xn--ninaklin-4za.ch\/?page_id=9"},"modified":"2023-12-14T11:08:35","modified_gmt":"2023-12-14T10:08:35","slug":"persoenlich","status":"publish","type":"page","link":"https:\/\/www.xn--ninaklin-4za.ch\/de\/persoenlich","title":{"rendered":"\u00dcber mich"},"content":{"rendered":"<p><div class=\"fusion-fullwidth fullwidth-box fusion-builder-row-1 nonhundred-percent-fullwidth non-hundred-percent-height-scrolling icon_nina\" style=\"--awb-border-radius-top-left:0px;--awb-border-radius-top-right:0px;--awb-border-radius-bottom-right:0px;--awb-border-radius-bottom-left:0px;--awb-padding-top:0px;--awb-padding-right:0px;--awb-padding-bottom:0px;--awb-padding-left:0px;--awb-margin-top:0px;--awb-margin-bottom:0px;--awb-background-color:rgba(248,238,236,0);--awb-flex-wrap:wrap;\" ><div class=\"fusion-builder-row fusion-row\"><div class=\"fusion-layout-column fusion_builder_column fusion-builder-column-0 fusion_builder_column_1_1 1_1 fusion-one-full fusion-column-first fusion-column-last\" style=\"--awb-bg-size:cover;\"><div class=\"fusion-column-wrapper fusion-flex-column-wrapper-legacy\"><div class=\"fusion-image-element fusion-image-align-center in-legacy-container\" style=\"text-align:center;--awb-margin-top:3px;--awb-max-width:170px;--awb-caption-title-font-family:var(--h2_typography-font-family);--awb-caption-title-font-weight:var(--h2_typography-font-weight);--awb-caption-title-font-style:var(--h2_typography-font-style);--awb-caption-title-size:var(--h2_typography-font-size);--awb-caption-title-transform:var(--h2_typography-text-transform);--awb-caption-title-line-height:var(--h2_typography-line-height);--awb-caption-title-letter-spacing:var(--h2_typography-letter-spacing);\"><div class=\"imageframe-align-center\"><span class=\"fusion-imageframe imageframe-none imageframe-1 hover-type-none\"><a class=\"fusion-no-lightbox\" href=\"https:\/\/www.xn--ninaklin-4za.ch\/de\/\" target=\"_self\"><img decoding=\"async\" width=\"2163\" height=\"2858\" src=\"https:\/\/www.xn--ninaklin-4za.ch\/wp-content\/uploads\/Logo_Ninart-2023_RBG.png\" alt class=\"img-responsive wp-image-4478\" srcset=\"https:\/\/www.xn--ninaklin-4za.ch\/wp-content\/uploads\/Logo_Ninart-2023_RBG-200x264.png 200w, https:\/\/www.xn--ninaklin-4za.ch\/wp-content\/uploads\/Logo_Ninart-2023_RBG-400x529.png 400w, https:\/\/www.xn--ninaklin-4za.ch\/wp-content\/uploads\/Logo_Ninart-2023_RBG-600x793.png 600w, https:\/\/www.xn--ninaklin-4za.ch\/wp-content\/uploads\/Logo_Ninart-2023_RBG-800x1057.png 800w, https:\/\/www.xn--ninaklin-4za.ch\/wp-content\/uploads\/Logo_Ninart-2023_RBG-1200x1586.png 1200w, https:\/\/www.xn--ninaklin-4za.ch\/wp-content\/uploads\/Logo_Ninart-2023_RBG.png 2163w\" sizes=\"(max-width: 800px) 100vw, 1200px\" \/><\/a><\/span><\/div><\/div><div class=\"fusion-clearfix\"><\/div><\/div><\/div><\/div><\/div><div class=\"fusion-fullwidth fullwidth-box fusion-builder-row-2 has-pattern-background has-mask-background nonhundred-percent-fullwidth non-hundred-percent-height-scrolling\" style=\"--awb-border-radius-top-left:0px;--awb-border-radius-top-right:0px;--awb-border-radius-bottom-right:0px;--awb-border-radius-bottom-left:0px;--awb-padding-top:50px;--awb-background-color:#f2efec;--awb-flex-wrap:wrap;\" ><div class=\"fusion-builder-row fusion-row\"><div class=\"fusion-layout-column fusion_builder_column fusion-builder-column-1 fusion_builder_column_1_1 1_1 fusion-one-full fusion-column-first fusion-column-last nia_column_intro_responsive\" style=\"--awb-padding-right:15%;--awb-padding-left:15%;--awb-bg-size:cover;\" data-scroll-devices=\"small-visibility,medium-visibility,large-visibility\"><div class=\"fusion-column-wrapper fusion-column-has-shadow fusion-flex-column-wrapper-legacy\"><div class=\"fusion-text fusion-text-1\"><h1 style=\"text-align: center;\">\u00dcber mich<\/h1>\n<\/div><div class=\"fusion-image-element fusion-image-align-center in-legacy-container\" style=\"text-align:center;--awb-margin-bottom:10px;--awb-max-width:150px;--awb-caption-title-font-family:var(--h2_typography-font-family);--awb-caption-title-font-weight:var(--h2_typography-font-weight);--awb-caption-title-font-style:var(--h2_typography-font-style);--awb-caption-title-size:var(--h2_typography-font-size);--awb-caption-title-transform:var(--h2_typography-text-transform);--awb-caption-title-line-height:var(--h2_typography-line-height);--awb-caption-title-letter-spacing:var(--h2_typography-letter-spacing);\"><div class=\"imageframe-align-center\"><span class=\"fusion-imageframe imageframe-none imageframe-2 hover-type-none\"><img decoding=\"async\" width=\"824\" height=\"211\" src=\"https:\/\/www.xn--ninaklin-4za.ch\/wp-content\/uploads\/NinArt-Trenner3.png\" alt class=\"img-responsive wp-image-4487\" srcset=\"https:\/\/www.xn--ninaklin-4za.ch\/wp-content\/uploads\/NinArt-Trenner3-200x51.png 200w, https:\/\/www.xn--ninaklin-4za.ch\/wp-content\/uploads\/NinArt-Trenner3-400x102.png 400w, https:\/\/www.xn--ninaklin-4za.ch\/wp-content\/uploads\/NinArt-Trenner3-600x154.png 600w, https:\/\/www.xn--ninaklin-4za.ch\/wp-content\/uploads\/NinArt-Trenner3-800x205.png 800w, https:\/\/www.xn--ninaklin-4za.ch\/wp-content\/uploads\/NinArt-Trenner3.png 824w\" sizes=\"(max-width: 800px) 100vw, 824px\" \/><\/span><\/div><\/div><div class=\"fusion-text fusion-text-2\" style=\"--awb-text-transform:none;\"><p style=\"text-align: center;\">Im Sommer 2006 habe ich meine Lehre als Fotofachfrau begonnen und 3 Jahre sp\u00e4ter erfolgreich abgeschlossen. Die knapp weiteren 4 Jahre konnte ich mich in meinem Lehrbetrieb weiterentwickeln.<\/p>\n<p style=\"text-align: center;\">Im 2022 startet jetzt bereits mein 9tes Jahr in welchem ich 100% selbst\u00e4ndig bin. In der Zwischenzeit steht ein super Team hinter mir, welches mich tatkr\u00e4ftig unterst\u00fctzt. Egal ob in der Bildbearbeitung, der Buchhaltung oder auch als Zweit-Fotograf oder Assistent.<\/p>\n<p style=\"text-align: center;\">Seit meiner Kindheit bin ich sehr stark mit der Natur verbunden. Ich liebe es, t\u00e4glich neue Pl\u00e4tze zu entdecken. Die Natur mir ihrer nat\u00fcrlichen Lichtquelle ist f\u00fcr mich einfach etwas vom allersch\u00f6nsten. So habe ich meinen eigenen Stil entwickelt, welcher meiner Arbeit viel von meiner Pers\u00f6nlichkeit gibt.<\/p>\n<\/div><div class=\"fusion-sep-clear\"><\/div><div class=\"fusion-separator fusion-full-width-sep\" style=\"margin-left: auto;margin-right: auto;margin-top:20px;margin-bottom:20px;width:100%;\"><\/div><div class=\"fusion-sep-clear\"><\/div><div class=\"fusion-text fusion-text-3\"><p style=\"text-align: center;\">Das sehr pers\u00f6nliche Video von mir, zeigt euch in Bild und Ton, wer ich bin und wie ich arbeite:<\/p>\n<\/div><div class=\"fusion-video fusion-vimeo fusion-aligncenter\" style=\"--awb-max-width:1920px;--awb-max-height:1080px;--awb-width:100%;\"><div class=\"video-shortcode\"><div class=\"fluid-width-video-wrapper\" style=\"padding-top:56.25%;\" ><iframe title=\"Vimeo video player 1\" src=\"https:\/\/player.vimeo.com\/video\/339498134?autoplay=0&amp;rel=0&amp;title=0&amp;byline=0&amp;portrait=0&amp;autopause=0\" width=\"1920\" height=\"1080\" allowfullscreen allow=\"autoplay; fullscreen\"><\/iframe><\/div><\/div><\/div><div class=\"fusion-sep-clear\"><\/div><div class=\"fusion-separator fusion-full-width-sep\" style=\"margin-left: auto;margin-right: auto;margin-top:20px;margin-bottom:20px;width:100%;\"><\/div><div class=\"fusion-sep-clear\"><\/div><center><a class=\"maxbutton-1 maxbutton maxbutton-kontakt-de\" href=\"https:\/\/www.xn--ninaklin-4za.ch\/de\/kontakt\/\"><span class='mb-text'>Kontakt<\/span><\/a><\/center><div class=\"fusion-sep-clear\"><\/div><div class=\"fusion-separator fusion-full-width-sep\" style=\"margin-left: auto;margin-right: auto;margin-top:30px;margin-bottom:30px;width:100%;\"><\/div><div class=\"fusion-sep-clear\"><\/div><div class=\"fusion-clearfix\"><\/div><\/div><\/div><\/div><\/div><\/p>","protected":false},"excerpt":{"rendered":"","protected":false},"author":2,"featured_media":1439,"parent":0,"menu_order":6,"comment_status":"closed","ping_status":"closed","template":"100-width.php","meta":{"footnotes":""},"class_list":["post-9","page","type-page","status-publish","has-post-thumbnail","hentry"],"yoast_head":"<!-- This site is optimized with the Yoast SEO plugin v27.3 - https:\/\/yoast.com\/product\/yoast-seo-wordpress\/ -->\n<title>Pers\u00f6nlichs vo NinArt, Nina K\u00e4lin - d\u00e4 Schl\u00fcssel zum Bild<\/title>\n<meta name=\"description\" content=\"Sit 2013 bin ich S\u00e4lbstst\u00e4ndig f\u00fcr mini Chund\u00e4 unterw\u00e4gs. Ich bi sehr naturverbunde und das nat\u00fcrlich\u00e4 Li\u00e4cht i de Natur isch f\u00fcr mich \u00f6pis vom Sch\u00f6ischt\u00e4.\" \/>\n<meta name=\"robots\" content=\"index, follow, max-snippet:-1, max-image-preview:large, max-video-preview:-1\" \/>\n<link rel=\"canonical\" href=\"https:\/\/www.xn--ninaklin-4za.ch\/de\/persoenlich\/\" \/>\n<meta property=\"og:locale\" content=\"de_DE\" \/>\n<meta property=\"og:type\" content=\"article\" \/>\n<meta property=\"og:title\" content=\"Pers\u00f6nlichs vo NinArt, Nina K\u00e4lin - d\u00e4 Schl\u00fcssel zum Bild\" \/>\n<meta property=\"og:description\" content=\"Sit 2013 bin ich S\u00e4lbstst\u00e4ndig f\u00fcr mini Chund\u00e4 unterw\u00e4gs. Ich bi sehr naturverbunde und das nat\u00fcrlich\u00e4 Li\u00e4cht i de Natur isch f\u00fcr mich \u00f6pis vom Sch\u00f6ischt\u00e4.\" \/>\n<meta property=\"og:url\" content=\"https:\/\/www.xn--ninaklin-4za.ch\/de\/persoenlich\/\" \/>\n<meta property=\"og:site_name\" content=\"NinArt - Nina K\u00e4lin Fotografie\" \/>\n<meta property=\"article:modified_time\" content=\"2023-12-14T10:08:35+00:00\" \/>\n<meta property=\"og:image\" content=\"https:\/\/www.xn--ninaklin-4za.ch\/wp-content\/uploads\/Persoenlich1_2200x750.jpg\" \/>\n\t<meta property=\"og:image:width\" content=\"2200\" \/>\n\t<meta property=\"og:image:height\" content=\"750\" \/>\n\t<meta property=\"og:image:type\" content=\"image\/jpeg\" \/>\n<meta name=\"twitter:card\" content=\"summary_large_image\" \/>\n<meta name=\"twitter:label1\" content=\"Gesch\u00e4tzte Lesezeit\" \/>\n\t<meta name=\"twitter:data1\" content=\"2\u00a0Minuten\" \/>\n<script type=\"application\/ld+json\" class=\"yoast-schema-graph\">{\"@context\":\"https:\\\/\\\/schema.org\",\"@graph\":[{\"@type\":\"WebPage\",\"@id\":\"https:\\\/\\\/www.xn--ninaklin-4za.ch\\\/persoenlich\",\"url\":\"https:\\\/\\\/www.xn--ninaklin-4za.ch\\\/persoenlich\",\"name\":\"Pers\u00f6nlichs vo NinArt, Nina K\u00e4lin - d\u00e4 Schl\u00fcssel zum Bild\",\"isPartOf\":{\"@id\":\"https:\\\/\\\/www.xn--ninaklin-4za.ch\\\/#website\"},\"primaryImageOfPage\":{\"@id\":\"https:\\\/\\\/www.xn--ninaklin-4za.ch\\\/persoenlich#primaryimage\"},\"image\":{\"@id\":\"https:\\\/\\\/www.xn--ninaklin-4za.ch\\\/persoenlich#primaryimage\"},\"thumbnailUrl\":\"https:\\\/\\\/www.xn--ninaklin-4za.ch\\\/wp-content\\\/uploads\\\/Persoenlich1_2200x750.jpg\",\"datePublished\":\"2015-11-14T08:59:24+00:00\",\"dateModified\":\"2023-12-14T10:08:35+00:00\",\"description\":\"Sit 2013 bin ich S\u00e4lbstst\u00e4ndig f\u00fcr mini Chund\u00e4 unterw\u00e4gs. Ich bi sehr naturverbunde und das nat\u00fcrlich\u00e4 Li\u00e4cht i de Natur isch f\u00fcr mich \u00f6pis vom Sch\u00f6ischt\u00e4.\",\"breadcrumb\":{\"@id\":\"https:\\\/\\\/www.xn--ninaklin-4za.ch\\\/persoenlich#breadcrumb\"},\"inLanguage\":\"de\",\"potentialAction\":[{\"@type\":\"ReadAction\",\"target\":[\"https:\\\/\\\/www.xn--ninaklin-4za.ch\\\/persoenlich\"]}]},{\"@type\":\"ImageObject\",\"inLanguage\":\"de\",\"@id\":\"https:\\\/\\\/www.xn--ninaklin-4za.ch\\\/persoenlich#primaryimage\",\"url\":\"https:\\\/\\\/www.xn--ninaklin-4za.ch\\\/wp-content\\\/uploads\\\/Persoenlich1_2200x750.jpg\",\"contentUrl\":\"https:\\\/\\\/www.xn--ninaklin-4za.ch\\\/wp-content\\\/uploads\\\/Persoenlich1_2200x750.jpg\",\"width\":2200,\"height\":750,\"caption\":\"Pers\u00f6nlich\"},{\"@type\":\"BreadcrumbList\",\"@id\":\"https:\\\/\\\/www.xn--ninaklin-4za.ch\\\/persoenlich#breadcrumb\",\"itemListElement\":[{\"@type\":\"ListItem\",\"position\":1,\"name\":\"Home\",\"item\":\"https:\\\/\\\/www.xn--ninaklin-4za.ch\\\/\"},{\"@type\":\"ListItem\",\"position\":2,\"name\":\"Pers\u00f6nlich\"}]},{\"@type\":\"WebSite\",\"@id\":\"https:\\\/\\\/www.xn--ninaklin-4za.ch\\\/#website\",\"url\":\"https:\\\/\\\/www.xn--ninaklin-4za.ch\\\/\",\"name\":\"NinArt - Nina K\u00e4lin Fotografie\",\"description\":\"...der Schl\u00fcssel zum Bild\",\"potentialAction\":[{\"@type\":\"SearchAction\",\"target\":{\"@type\":\"EntryPoint\",\"urlTemplate\":\"https:\\\/\\\/www.xn--ninaklin-4za.ch\\\/?s={search_term_string}\"},\"query-input\":{\"@type\":\"PropertyValueSpecification\",\"valueRequired\":true,\"valueName\":\"search_term_string\"}}],\"inLanguage\":\"de\"}]}<\/script>\n<!-- \/ Yoast SEO plugin. -->","yoast_head_json":{"title":"Pers\u00f6nlichs vo NinArt, Nina K\u00e4lin - d\u00e4 Schl\u00fcssel zum Bild","description":"Sit 2013 bin ich S\u00e4lbstst\u00e4ndig f\u00fcr mini Chund\u00e4 unterw\u00e4gs. Ich bi sehr naturverbunde und das nat\u00fcrlich\u00e4 Li\u00e4cht i de Natur isch f\u00fcr mich \u00f6pis vom Sch\u00f6ischt\u00e4.","robots":{"index":"index","follow":"follow","max-snippet":"max-snippet:-1","max-image-preview":"max-image-preview:large","max-video-preview":"max-video-preview:-1"},"canonical":"https:\/\/www.xn--ninaklin-4za.ch\/de\/persoenlich\/","og_locale":"de_DE","og_type":"article","og_title":"Pers\u00f6nlichs vo NinArt, Nina K\u00e4lin - d\u00e4 Schl\u00fcssel zum Bild","og_description":"Sit 2013 bin ich S\u00e4lbstst\u00e4ndig f\u00fcr mini Chund\u00e4 unterw\u00e4gs. Ich bi sehr naturverbunde und das nat\u00fcrlich\u00e4 Li\u00e4cht i de Natur isch f\u00fcr mich \u00f6pis vom Sch\u00f6ischt\u00e4.","og_url":"https:\/\/www.xn--ninaklin-4za.ch\/de\/persoenlich\/","og_site_name":"NinArt - Nina K\u00e4lin Fotografie","article_modified_time":"2023-12-14T10:08:35+00:00","og_image":[{"width":2200,"height":750,"url":"https:\/\/www.xn--ninaklin-4za.ch\/wp-content\/uploads\/Persoenlich1_2200x750.jpg","type":"image\/jpeg"}],"twitter_card":"summary_large_image","twitter_misc":{"Gesch\u00e4tzte Lesezeit":"2\u00a0Minuten"},"schema":{"@context":"https:\/\/schema.org","@graph":[{"@type":"WebPage","@id":"https:\/\/www.xn--ninaklin-4za.ch\/persoenlich","url":"https:\/\/www.xn--ninaklin-4za.ch\/persoenlich","name":"Pers\u00f6nlichs vo NinArt, Nina K\u00e4lin - d\u00e4 Schl\u00fcssel zum Bild","isPartOf":{"@id":"https:\/\/www.xn--ninaklin-4za.ch\/#website"},"primaryImageOfPage":{"@id":"https:\/\/www.xn--ninaklin-4za.ch\/persoenlich#primaryimage"},"image":{"@id":"https:\/\/www.xn--ninaklin-4za.ch\/persoenlich#primaryimage"},"thumbnailUrl":"https:\/\/www.xn--ninaklin-4za.ch\/wp-content\/uploads\/Persoenlich1_2200x750.jpg","datePublished":"2015-11-14T08:59:24+00:00","dateModified":"2023-12-14T10:08:35+00:00","description":"Sit 2013 bin ich S\u00e4lbstst\u00e4ndig f\u00fcr mini Chund\u00e4 unterw\u00e4gs. Ich bi sehr naturverbunde und das nat\u00fcrlich\u00e4 Li\u00e4cht i de Natur isch f\u00fcr mich \u00f6pis vom Sch\u00f6ischt\u00e4.","breadcrumb":{"@id":"https:\/\/www.xn--ninaklin-4za.ch\/persoenlich#breadcrumb"},"inLanguage":"de","potentialAction":[{"@type":"ReadAction","target":["https:\/\/www.xn--ninaklin-4za.ch\/persoenlich"]}]},{"@type":"ImageObject","inLanguage":"de","@id":"https:\/\/www.xn--ninaklin-4za.ch\/persoenlich#primaryimage","url":"https:\/\/www.xn--ninaklin-4za.ch\/wp-content\/uploads\/Persoenlich1_2200x750.jpg","contentUrl":"https:\/\/www.xn--ninaklin-4za.ch\/wp-content\/uploads\/Persoenlich1_2200x750.jpg","width":2200,"height":750,"caption":"Pers\u00f6nlich"},{"@type":"BreadcrumbList","@id":"https:\/\/www.xn--ninaklin-4za.ch\/persoenlich#breadcrumb","itemListElement":[{"@type":"ListItem","position":1,"name":"Home","item":"https:\/\/www.xn--ninaklin-4za.ch\/"},{"@type":"ListItem","position":2,"name":"Pers\u00f6nlich"}]},{"@type":"WebSite","@id":"https:\/\/www.xn--ninaklin-4za.ch\/#website","url":"https:\/\/www.xn--ninaklin-4za.ch\/","name":"NinArt - Nina K\u00e4lin Fotografie","description":"...der Schl\u00fcssel zum Bild","potentialAction":[{"@type":"SearchAction","target":{"@type":"EntryPoint","urlTemplate":"https:\/\/www.xn--ninaklin-4za.ch\/?s={search_term_string}"},"query-input":{"@type":"PropertyValueSpecification","valueRequired":true,"valueName":"search_term_string"}}],"inLanguage":"de"}]}},"_links":{"self":[{"href":"https:\/\/www.xn--ninaklin-4za.ch\/de\/wp-json\/wp\/v2\/pages\/9","targetHints":{"allow":["GET"]}}],"collection":[{"href":"https:\/\/www.xn--ninaklin-4za.ch\/de\/wp-json\/wp\/v2\/pages"}],"about":[{"href":"https:\/\/www.xn--ninaklin-4za.ch\/de\/wp-json\/wp\/v2\/types\/page"}],"author":[{"embeddable":true,"href":"https:\/\/www.xn--ninaklin-4za.ch\/de\/wp-json\/wp\/v2\/users\/2"}],"replies":[{"embeddable":true,"href":"https:\/\/www.xn--ninaklin-4za.ch\/de\/wp-json\/wp\/v2\/comments?post=9"}],"version-history":[{"count":13,"href":"https:\/\/www.xn--ninaklin-4za.ch\/de\/wp-json\/wp\/v2\/pages\/9\/revisions"}],"predecessor-version":[{"id":5014,"href":"https:\/\/www.xn--ninaklin-4za.ch\/de\/wp-json\/wp\/v2\/pages\/9\/revisions\/5014"}],"wp:featuredmedia":[{"embeddable":true,"href":"https:\/\/www.xn--ninaklin-4za.ch\/de\/wp-json\/wp\/v2\/media\/1439"}],"wp:attachment":[{"href":"https:\/\/www.xn--ninaklin-4za.ch\/de\/wp-json\/wp\/v2\/media?parent=9"}],"curies":[{"name":"wp","href":"https:\/\/api.w.org\/{rel}","templated":true}]}}