{"id":7,"date":"2015-11-14T10:58:38","date_gmt":"2015-11-14T08:58:38","guid":{"rendered":"https:\/\/www.xn--ninaklin-4za.ch\/?page_id=7"},"modified":"2023-12-14T11:00:13","modified_gmt":"2023-12-14T10:00:13","slug":"home","status":"publish","type":"page","link":"https:\/\/www.xn--ninaklin-4za.ch\/de\/","title":{"rendered":"Willkommen"},"content":{"rendered":"<p><div class=\"fusion-fullwidth fullwidth-box fusion-builder-row-1 has-pattern-background has-mask-background nonhundred-percent-fullwidth non-hundred-percent-height-scrolling icon_nina\" style=\"--awb-border-radius-top-left:0px;--awb-border-radius-top-right:0px;--awb-border-radius-bottom-right:0px;--awb-border-radius-bottom-left:0px;--awb-padding-top:0px;--awb-padding-right:0px;--awb-padding-bottom:0px;--awb-padding-left:0px;--awb-margin-top:0px;--awb-margin-bottom:0px;--awb-background-color:transparent;--awb-flex-wrap:wrap;\" ><div class=\"fusion-builder-row fusion-row\"><div class=\"fusion-layout-column fusion_builder_column fusion-builder-column-0 fusion_builder_column_1_1 1_1 fusion-one-full fusion-column-first fusion-column-last\" style=\"--awb-bg-size:cover;\" data-scroll-devices=\"small-visibility,medium-visibility,large-visibility\"><div class=\"fusion-column-wrapper fusion-column-has-shadow fusion-flex-column-wrapper-legacy\"><div class=\"fusion-image-element fusion-image-align-center in-legacy-container\" style=\"text-align:center;--awb-margin-top:-3px;--awb-max-width:180px;--awb-caption-title-font-family:var(--h2_typography-font-family);--awb-caption-title-font-weight:var(--h2_typography-font-weight);--awb-caption-title-font-style:var(--h2_typography-font-style);--awb-caption-title-size:var(--h2_typography-font-size);--awb-caption-title-transform:var(--h2_typography-text-transform);--awb-caption-title-line-height:var(--h2_typography-line-height);--awb-caption-title-letter-spacing:var(--h2_typography-letter-spacing);\"><div class=\"imageframe-align-center\"><span class=\"fusion-imageframe imageframe-none imageframe-1 hover-type-none\"><a class=\"fusion-no-lightbox\" href=\"https:\/\/www.xn--ninaklin-4za.ch\/de\/\" target=\"_self\"><img decoding=\"async\" width=\"2163\" height=\"2858\" src=\"https:\/\/www.xn--ninaklin-4za.ch\/wp-content\/uploads\/Logo_Ninart-2023_RBG.png\" alt class=\"img-responsive wp-image-4478\" srcset=\"https:\/\/www.xn--ninaklin-4za.ch\/wp-content\/uploads\/Logo_Ninart-2023_RBG-200x264.png 200w, https:\/\/www.xn--ninaklin-4za.ch\/wp-content\/uploads\/Logo_Ninart-2023_RBG-400x529.png 400w, https:\/\/www.xn--ninaklin-4za.ch\/wp-content\/uploads\/Logo_Ninart-2023_RBG-600x793.png 600w, https:\/\/www.xn--ninaklin-4za.ch\/wp-content\/uploads\/Logo_Ninart-2023_RBG-800x1057.png 800w, https:\/\/www.xn--ninaklin-4za.ch\/wp-content\/uploads\/Logo_Ninart-2023_RBG-1200x1586.png 1200w, https:\/\/www.xn--ninaklin-4za.ch\/wp-content\/uploads\/Logo_Ninart-2023_RBG.png 2163w\" sizes=\"(max-width: 800px) 100vw, 1200px\" \/><\/a><\/span><\/div><\/div><div class=\"fusion-clearfix\"><\/div><\/div><\/div><\/div><\/div><div class=\"fusion-fullwidth fullwidth-box fusion-builder-row-2 has-pattern-background has-mask-background nonhundred-percent-fullwidth non-hundred-percent-height-scrolling\" style=\"--awb-background-position:left top;--awb-border-sizes-top:0px;--awb-border-sizes-bottom:0px;--awb-border-sizes-left:0px;--awb-border-sizes-right:0px;--awb-border-radius-top-left:0px;--awb-border-radius-top-right:0px;--awb-border-radius-bottom-right:0px;--awb-border-radius-bottom-left:0px;--awb-padding-top:20px;--awb-padding-bottom:80px;--awb-background-color:#f2efec;--awb-flex-wrap:wrap;\" ><div class=\"fusion-builder-row fusion-row\"><div class=\"fusion-layout-column fusion_builder_column fusion-builder-column-1 fusion_builder_column_1_1 1_1 fusion-one-full fusion-column-first fusion-column-last nia_column_intro_responsive\" style=\"--awb-padding-top:0%;--awb-padding-right:15%;--awb-padding-bottom:0%;--awb-padding-left:15%;--awb-bg-size:cover;\" data-scroll-devices=\"small-visibility,medium-visibility,large-visibility\"><div class=\"fusion-column-wrapper fusion-column-has-shadow fusion-flex-column-wrapper-legacy\"><div class=\"fusion-text fusion-text-1\"><h1 style=\"text-align: center;\">Herzlich willkommen<\/h1>\n<\/div><div class=\"fusion-image-element fusion-image-align-center in-legacy-container\" style=\"text-align:center;--awb-margin-bottom:10px;--awb-max-width:125px;--awb-caption-title-font-family:var(--h2_typography-font-family);--awb-caption-title-font-weight:var(--h2_typography-font-weight);--awb-caption-title-font-style:var(--h2_typography-font-style);--awb-caption-title-size:var(--h2_typography-font-size);--awb-caption-title-transform:var(--h2_typography-text-transform);--awb-caption-title-line-height:var(--h2_typography-line-height);--awb-caption-title-letter-spacing:var(--h2_typography-letter-spacing);\"><div class=\"imageframe-align-center\"><span class=\"fusion-imageframe imageframe-none imageframe-2 hover-type-none\"><img decoding=\"async\" width=\"824\" height=\"211\" src=\"https:\/\/www.xn--ninaklin-4za.ch\/wp-content\/uploads\/NinArt-Trenner3.png\" alt class=\"img-responsive wp-image-4487\" srcset=\"https:\/\/www.xn--ninaklin-4za.ch\/wp-content\/uploads\/NinArt-Trenner3-200x51.png 200w, https:\/\/www.xn--ninaklin-4za.ch\/wp-content\/uploads\/NinArt-Trenner3-400x102.png 400w, https:\/\/www.xn--ninaklin-4za.ch\/wp-content\/uploads\/NinArt-Trenner3-600x154.png 600w, https:\/\/www.xn--ninaklin-4za.ch\/wp-content\/uploads\/NinArt-Trenner3-800x205.png 800w, https:\/\/www.xn--ninaklin-4za.ch\/wp-content\/uploads\/NinArt-Trenner3.png 824w\" sizes=\"(max-width: 800px) 100vw, 824px\" \/><\/span><\/div><\/div><div class=\"fusion-text fusion-text-2\"><p style=\"text-align: center;\">Der Schl\u00fcssel zum Bild \u2013 der Schl\u00fcssel zu seinem eigenen Weg.<\/p>\n<p style=\"text-align: center;\">F\u00fcr mich ist der Schl\u00fcssel, jeder in seiner Einzigartigkeit einzufangen. Wir sind alle einzigartig, wir m\u00fcssen gar nichts daf\u00fcr tun. All die besonderen Momente, Augenblicke und Erlebnisse mit der Kamera einzufangen, um im sp\u00e4teren wieder Freude daran zu finden.<\/p>\n<p style=\"text-align: center;\">Ich w\u00fcrde mich sehr freuen dich bei einem unverbindlichen Gespr\u00e4ch kennen zu lernen.<\/p>\n<p style=\"text-align: center;\">Herzlichst<\/p>\n<h2 style=\"text-align: center;\">Nina K\u00e4lin<\/h2>\n<\/div><div class=\"fusion-sep-clear\"><\/div><div class=\"fusion-separator fusion-full-width-sep\" style=\"margin-left: auto;margin-right: auto;margin-top:30px;margin-bottom:20px;width:100%;\"><\/div><div class=\"fusion-sep-clear\"><\/div><center><a class=\"maxbutton-1 maxbutton maxbutton-kontakt-de\" href=\"https:\/\/www.xn--ninaklin-4za.ch\/de\/kontakt\/\"><span class='mb-text'>Kontakt<\/span><\/a><\/center><div class=\"fusion-clearfix\"><\/div><\/div><\/div><\/div><\/div><div class=\"fusion-fullwidth fullwidth-box fusion-builder-row-3 has-pattern-background has-mask-background hundred-percent-fullwidth non-hundred-percent-height-scrolling\" style=\"--awb-background-position:left top;--awb-border-sizes-top:0px;--awb-border-sizes-bottom:0px;--awb-border-sizes-left:0px;--awb-border-sizes-right:0px;--awb-border-radius-top-left:0px;--awb-border-radius-top-right:0px;--awb-border-radius-bottom-right:0px;--awb-border-radius-bottom-left:0px;--awb-padding-top:0px;--awb-padding-right:4%;--awb-padding-bottom:80px;--awb-padding-left:4%;--awb-margin-bottom:0px;--awb-background-color:#f2efec;--awb-flex-wrap:wrap;\" ><div class=\"fusion-builder-row fusion-row\"><div class=\"fusion-layout-column fusion_builder_column fusion-builder-column-2 fusion_builder_column_1_1 1_1 fusion-one-full fusion-column-first fusion-column-last fusion-column-no-min-height\" style=\"--awb-bg-size:cover;\"><div class=\"fusion-column-wrapper fusion-flex-column-wrapper-legacy\"><!-- Gridbuilder \u1d42\u1d3e Plugin (https:\/\/wpgridbuilder.com) -->\n<div class=\"wp-grid-builder wpgb-grid-2 nia_fotografie_grid\" data-options=\"{&quot;id&quot;:2,&quot;type&quot;:&quot;metro&quot;,&quot;source&quot;:&quot;post_type&quot;,&quot;loader&quot;:0,&quot;layout&quot;:&quot;vertical&quot;,&quot;reveal&quot;:0,&quot;isMainQuery&quot;:0,&quot;lazyLoad&quot;:0,&quot;cardSizes&quot;:{&quot;9999&quot;:{&quot;columns&quot;:3,&quot;height&quot;:240,&quot;gutter&quot;:20,&quot;ratio&quot;:&quot;1.33333&quot;},&quot;1200&quot;:{&quot;columns&quot;:3,&quot;height&quot;:240,&quot;gutter&quot;:20,&quot;ratio&quot;:&quot;1.33333&quot;},&quot;992&quot;:{&quot;columns&quot;:3,&quot;height&quot;:220,&quot;gutter&quot;:20,&quot;ratio&quot;:&quot;1.33333&quot;},&quot;768&quot;:{&quot;columns&quot;:2,&quot;height&quot;:220,&quot;gutter&quot;:20,&quot;ratio&quot;:&quot;1.33333&quot;},&quot;576&quot;:{&quot;columns&quot;:2,&quot;height&quot;:200,&quot;gutter&quot;:20,&quot;ratio&quot;:&quot;1.33333&quot;},&quot;320&quot;:{&quot;columns&quot;:1,&quot;height&quot;:200,&quot;gutter&quot;:20,&quot;ratio&quot;:&quot;1.33333&quot;}},&quot;fitRows&quot;:0,&quot;equalRows&quot;:0,&quot;equalColumns&quot;:0,&quot;fillLastRow&quot;:0,&quot;centerLastRow&quot;:0,&quot;horizontalOrder&quot;:0,&quot;fullWidth&quot;:0,&quot;transitionDelay&quot;:100,&quot;gallerySlideshow&quot;:0,&quot;rowsNumber&quot;:1,&quot;slideAlign&quot;:&quot;left&quot;,&quot;groupCells&quot;:1,&quot;draggable&quot;:1,&quot;initialIndex&quot;:0,&quot;contain&quot;:0,&quot;freeScroll&quot;:0,&quot;freeFriction&quot;:&quot;0.075&quot;,&quot;friction&quot;:&quot;0.285&quot;,&quot;attraction&quot;:&quot;0.025&quot;,&quot;autoPlay&quot;:0,&quot;pageDotAriaLabel&quot;:&quot;Page dot %d&quot;,&quot;isPreview&quot;:false,&quot;isGutenberg&quot;:false,&quot;rightToLeft&quot;:false}\"><div class=\"wpgb-svg-icons\" hidden>\n\t<svg viewbox=\"0 0 120 24\" width=\"0\" height=\"0\">\n\t<defs>\n        <polygon id=\"wpgb-star-svg\" points=\"12 2.5 15.1 8.8 22 9.8 17 14.6 18.2 21.5 12 18.3 5.8 21.5 7 14.6 2 9.8 8.9 8.8\"><\/polygon>\n    <\/defs>\n    <symbol id=\"wpgb-rating-stars-svg\">\n        <use xlink:href=\"#wpgb-star-svg\"><\/use>\n        <use xlink:href=\"#wpgb-star-svg\" x=\"24\"><\/use>\n        <use xlink:href=\"#wpgb-star-svg\" x=\"48\"><\/use>\n        <use xlink:href=\"#wpgb-star-svg\" x=\"72\"><\/use>\n        <use xlink:href=\"#wpgb-star-svg\" x=\"96\"><\/use>\n    <\/symbol>\n<\/svg>\n<\/div>\n<div class=\"wpgb-wrapper\">\n\t<div class=\"wpgb-main\">\n\t<div class=\"wpgb-layout\">\n\t<div class=\"wpgb-viewport\">\n\t\t<div class=\"wpgb-metro\">\n\t\t\t<article class=\"wpgb-card wpgb-card-3 wpgb-post-148\" data-col=\"1\" data-row=\"1\" data-format=\"standard\"><div class=\"wpgb-card-wrapper\"><div class=\"wpgb-card-inner\" data-action><div class=\"wpgb-card-media wpgb-scheme-light\"><div class=\"wpgb-card-media-thumbnail\"><a href=\"https:\/\/www.xn--ninaklin-4za.ch\/wp-content\/uploads\/nina-kaelin-fotografie-pede-menue.jpg\" tabindex=\"-1\" class=\"wpgb-handle-lb wpgb-lightbox\" data-type=\"image\" data-rel=\"2\" data-title=\"nina-kaelin-fotografie-pede-menue\" title=\"Enlarge photo\"><div style=\"background-image:url(https:\/\/www.xn--ninaklin-4za.ch\/wp-content\/uploads\/nina-kaelin-fotografie-pede-menue-768x512.jpg)\"><\/div><noscript><img decoding=\"async\" class=\"wpgb-noscript-img\" src=\"https:\/\/www.xn--ninaklin-4za.ch\/wp-content\/uploads\/nina-kaelin-fotografie-pede-menue-768x512.jpg\" alt=\"\" height=\"512\" width=\"768\"><\/noscript><\/a><\/div><div class=\"wpgb-card-media-overlay\"><\/div><div class=\"wpgb-card-media-content\"><div class=\"wpgb-card-media-content-center\"><h3 class=\"wpgb-block-1\">Portr\u00e4\u00e4<\/h3><\/div><\/div><\/div><a class=\"wpgb-card-layer-link\" href=\"https:\/\/www.xn--ninaklin-4za.ch\/de\/fotografii\/portraeae\"><\/a><\/div><\/div><\/article><article class=\"wpgb-card wpgb-card-3 wpgb-post-146\" data-col=\"1\" data-row=\"1\" data-format=\"standard\"><div class=\"wpgb-card-wrapper\"><div class=\"wpgb-card-inner\" data-action><div class=\"wpgb-card-media wpgb-scheme-light\"><div class=\"wpgb-card-media-thumbnail\"><a href=\"https:\/\/www.xn--ninaklin-4za.ch\/wp-content\/uploads\/nina-kaelin-fotografie-tobias-und-rebecca-menue.jpg\" tabindex=\"-1\" class=\"wpgb-handle-lb wpgb-lightbox\" data-type=\"image\" data-rel=\"2\" data-title=\"nina-kaelin-fotografie-tobias und rebecca-menue\" title=\"Enlarge photo\"><div style=\"background-image:url(https:\/\/www.xn--ninaklin-4za.ch\/wp-content\/uploads\/nina-kaelin-fotografie-tobias-und-rebecca-menue-768x485.jpg)\"><\/div><noscript><img decoding=\"async\" class=\"wpgb-noscript-img\" src=\"https:\/\/www.xn--ninaklin-4za.ch\/wp-content\/uploads\/nina-kaelin-fotografie-tobias-und-rebecca-menue-768x485.jpg\" alt=\"\" height=\"485\" width=\"768\"><\/noscript><\/a><\/div><div class=\"wpgb-card-media-overlay\"><\/div><div class=\"wpgb-card-media-content\"><div class=\"wpgb-card-media-content-center\"><h3 class=\"wpgb-block-1\">Verliebte<\/h3><\/div><\/div><\/div><a class=\"wpgb-card-layer-link\" href=\"https:\/\/www.xn--ninaklin-4za.ch\/de\/fotografii\/verliaebti\"><\/a><\/div><\/div><\/article><article class=\"wpgb-card wpgb-card-3 wpgb-post-144\" data-col=\"1\" data-row=\"1\" data-format=\"standard\"><div class=\"wpgb-card-wrapper\"><div class=\"wpgb-card-inner\" data-action><div class=\"wpgb-card-media wpgb-scheme-light\"><div class=\"wpgb-card-media-thumbnail\"><a href=\"https:\/\/www.xn--ninaklin-4za.ch\/wp-content\/uploads\/nina-kaelin-fotografie-celine-und-lukas-home.jpg\" tabindex=\"-1\" class=\"wpgb-handle-lb wpgb-lightbox\" data-type=\"image\" data-rel=\"2\" data-title=\"nina-kaelin-fotografie-celine und lukas-home\" title=\"Enlarge photo\"><div style=\"background-image:url(https:\/\/www.xn--ninaklin-4za.ch\/wp-content\/uploads\/nina-kaelin-fotografie-celine-und-lukas-home-768x512.jpg)\"><\/div><noscript><img decoding=\"async\" class=\"wpgb-noscript-img\" src=\"https:\/\/www.xn--ninaklin-4za.ch\/wp-content\/uploads\/nina-kaelin-fotografie-celine-und-lukas-home-768x512.jpg\" alt=\"\" height=\"512\" width=\"768\"><\/noscript><\/a><\/div><div class=\"wpgb-card-media-overlay\"><\/div><div class=\"wpgb-card-media-content\"><div class=\"wpgb-card-media-content-center\"><h3 class=\"wpgb-block-1\">Hochzeit<\/h3><\/div><\/div><\/div><a class=\"wpgb-card-layer-link\" href=\"https:\/\/www.xn--ninaklin-4za.ch\/de\/fotografii\/hueratae\"><\/a><\/div><\/div><\/article><article class=\"wpgb-card wpgb-card-3 wpgb-post-142\" data-col=\"1\" data-row=\"1\" data-format=\"standard\"><div class=\"wpgb-card-wrapper\"><div class=\"wpgb-card-inner\" data-action><div class=\"wpgb-card-media wpgb-scheme-light\"><div class=\"wpgb-card-media-thumbnail\"><a href=\"https:\/\/www.xn--ninaklin-4za.ch\/wp-content\/uploads\/nina-kaelin-fotografie-familie-kauflin-4.jpg\" tabindex=\"-1\" class=\"wpgb-handle-lb wpgb-lightbox\" data-type=\"image\" data-rel=\"2\" data-title=\"nina-kaelin-fotografie-familie kauflin (4)\" title=\"Enlarge photo\"><div style=\"background-image:url(https:\/\/www.xn--ninaklin-4za.ch\/wp-content\/uploads\/nina-kaelin-fotografie-familie-kauflin-4-768x512.jpg)\"><\/div><noscript><img decoding=\"async\" class=\"wpgb-noscript-img\" src=\"https:\/\/www.xn--ninaklin-4za.ch\/wp-content\/uploads\/nina-kaelin-fotografie-familie-kauflin-4-768x512.jpg\" alt=\"\" height=\"512\" width=\"768\"><\/noscript><\/a><\/div><div class=\"wpgb-card-media-overlay\"><\/div><div class=\"wpgb-card-media-content\"><div class=\"wpgb-card-media-content-center\"><h3 class=\"wpgb-block-1\">Familie<\/h3><\/div><\/div><\/div><a class=\"wpgb-card-layer-link\" href=\"https:\/\/www.xn--ninaklin-4za.ch\/de\/fotografii\/familiae\"><\/a><\/div><\/div><\/article><article class=\"wpgb-card wpgb-card-3 wpgb-post-140\" data-col=\"1\" data-row=\"1\" data-format=\"standard\"><div class=\"wpgb-card-wrapper\"><div class=\"wpgb-card-inner\" data-action><div class=\"wpgb-card-media wpgb-scheme-light\"><div class=\"wpgb-card-media-thumbnail\"><a href=\"https:\/\/www.xn--ninaklin-4za.ch\/wp-content\/uploads\/nina-kaelin-fotografie-cheyenne-7.jpg\" tabindex=\"-1\" class=\"wpgb-handle-lb wpgb-lightbox\" data-type=\"image\" data-rel=\"2\" data-title=\"nina-kaelin-fotografie-cheyenne (7)\" title=\"Enlarge photo\"><div style=\"background-image:url(https:\/\/www.xn--ninaklin-4za.ch\/wp-content\/uploads\/nina-kaelin-fotografie-cheyenne-7-768x512.jpg)\"><\/div><noscript><img decoding=\"async\" class=\"wpgb-noscript-img\" src=\"https:\/\/www.xn--ninaklin-4za.ch\/wp-content\/uploads\/nina-kaelin-fotografie-cheyenne-7-768x512.jpg\" alt=\"\" height=\"512\" width=\"768\"><\/noscript><\/a><\/div><div class=\"wpgb-card-media-overlay\"><\/div><div class=\"wpgb-card-media-content\"><div class=\"wpgb-card-media-content-center\"><h3 class=\"wpgb-block-1\">Babys<\/h3><\/div><\/div><\/div><a class=\"wpgb-card-layer-link\" href=\"https:\/\/www.xn--ninaklin-4za.ch\/de\/fotografii\/diae-chlinae-chnoepf\"><\/a><\/div><\/div><\/article><article class=\"wpgb-card wpgb-card-3 wpgb-post-138\" data-col=\"1\" data-row=\"1\" data-format=\"standard\"><div class=\"wpgb-card-wrapper\"><div class=\"wpgb-card-inner\" data-action><div class=\"wpgb-card-media wpgb-scheme-light\"><div class=\"wpgb-card-media-thumbnail\"><a href=\"https:\/\/www.xn--ninaklin-4za.ch\/wp-content\/uploads\/nina-kaelin-fotografie-skm-treuhand-1.jpg\" tabindex=\"-1\" class=\"wpgb-handle-lb wpgb-lightbox\" data-type=\"image\" data-rel=\"2\" data-title=\"nina-kaelin-fotografie-skm treuhand (1)\" title=\"Enlarge photo\"><div style=\"background-image:url(https:\/\/www.xn--ninaklin-4za.ch\/wp-content\/uploads\/nina-kaelin-fotografie-skm-treuhand-1-768x512.jpg)\"><\/div><noscript><img decoding=\"async\" class=\"wpgb-noscript-img\" src=\"https:\/\/www.xn--ninaklin-4za.ch\/wp-content\/uploads\/nina-kaelin-fotografie-skm-treuhand-1-768x512.jpg\" alt=\"\" height=\"512\" width=\"768\"><\/noscript><\/a><\/div><div class=\"wpgb-card-media-overlay\"><\/div><div class=\"wpgb-card-media-content\"><div class=\"wpgb-card-media-content-center\"><h3 class=\"wpgb-block-1\">Reportagen<\/h3><\/div><\/div><\/div><a class=\"wpgb-card-layer-link\" href=\"https:\/\/www.xn--ninaklin-4za.ch\/de\/fotografii\/reportaschae\"><\/a><\/div><\/div><\/article>\t\t<\/div>\n\t<\/div>\n\t<\/div>\n\t<\/div>\n\t\t<\/div>\n<\/div>\n<div class=\"fusion-clearfix\"><\/div><\/div><\/div><\/div><\/div><\/p>","protected":false},"excerpt":{"rendered":"","protected":false},"author":2,"featured_media":5002,"parent":0,"menu_order":1,"comment_status":"closed","ping_status":"closed","template":"100-width.php","meta":{"footnotes":""},"class_list":["post-7","page","type-page","status-publish","has-post-thumbnail","hentry"],"yoast_head":"<!-- This site is optimized with the Yoast SEO plugin v27.3 - https:\/\/yoast.com\/product\/yoast-seo-wordpress\/ -->\n<title>Willkomm\u00e4 bi NinArt, Nina K\u00e4lin - d\u00e4 Schl\u00fcssel zum Bild<\/title>\n<meta name=\"description\" content=\"Mit viel Freud tue ich d\u00e4 Mom\u00e4nt f\u00fcr immer fescht halt\u00e4: Portr\u00e4\u00e4-Bilder, Erinnerige a de sch\u00f6nschti Tag, \u00e4s Baby- oder Familie-Shooting wie au Reportasch\u00e4.\" \/>\n<meta name=\"robots\" content=\"index, follow, max-snippet:-1, max-image-preview:large, max-video-preview:-1\" \/>\n<link rel=\"canonical\" href=\"https:\/\/www.xn--ninaklin-4za.ch\/de\/\" \/>\n<meta property=\"og:locale\" content=\"de_DE\" \/>\n<meta property=\"og:type\" content=\"article\" \/>\n<meta property=\"og:title\" content=\"Willkomm\u00e4 bi NinArt, Nina K\u00e4lin - d\u00e4 Schl\u00fcssel zum Bild\" \/>\n<meta property=\"og:description\" content=\"Mit viel Freud tue ich d\u00e4 Mom\u00e4nt f\u00fcr immer fescht halt\u00e4: Portr\u00e4\u00e4-Bilder, Erinnerige a de sch\u00f6nschti Tag, \u00e4s Baby- oder Familie-Shooting wie au Reportasch\u00e4.\" \/>\n<meta property=\"og:url\" content=\"https:\/\/www.xn--ninaklin-4za.ch\/de\/\" \/>\n<meta property=\"og:site_name\" content=\"NinArt - Nina K\u00e4lin Fotografie\" \/>\n<meta property=\"article:modified_time\" content=\"2023-12-14T10:00:13+00:00\" \/>\n<meta property=\"og:image\" content=\"https:\/\/www.xn--ninaklin-4za.ch\/wp-content\/uploads\/nina-kaelin-fotografie-sabrina-und-mirco-10_home.jpg\" \/>\n\t<meta property=\"og:image:width\" content=\"2000\" \/>\n\t<meta property=\"og:image:height\" content=\"1333\" \/>\n\t<meta property=\"og:image:type\" content=\"image\/jpeg\" \/>\n<meta name=\"twitter:card\" content=\"summary_large_image\" \/>\n<meta name=\"twitter:label1\" content=\"Gesch\u00e4tzte Lesezeit\" \/>\n\t<meta name=\"twitter:data1\" content=\"2\u00a0Minuten\" \/>\n<script type=\"application\/ld+json\" class=\"yoast-schema-graph\">{\"@context\":\"https:\\\/\\\/schema.org\",\"@graph\":[{\"@type\":\"WebPage\",\"@id\":\"https:\\\/\\\/www.xn--ninaklin-4za.ch\\\/\",\"url\":\"https:\\\/\\\/www.xn--ninaklin-4za.ch\\\/\",\"name\":\"Willkomm\u00e4 bi NinArt, Nina K\u00e4lin - d\u00e4 Schl\u00fcssel zum Bild\",\"isPartOf\":{\"@id\":\"https:\\\/\\\/www.xn--ninaklin-4za.ch\\\/#website\"},\"primaryImageOfPage\":{\"@id\":\"https:\\\/\\\/www.xn--ninaklin-4za.ch\\\/#primaryimage\"},\"image\":{\"@id\":\"https:\\\/\\\/www.xn--ninaklin-4za.ch\\\/#primaryimage\"},\"thumbnailUrl\":\"https:\\\/\\\/www.xn--ninaklin-4za.ch\\\/wp-content\\\/uploads\\\/nina-kaelin-fotografie-sabrina-und-mirco-10_home.jpg\",\"datePublished\":\"2015-11-14T08:58:38+00:00\",\"dateModified\":\"2023-12-14T10:00:13+00:00\",\"description\":\"Mit viel Freud tue ich d\u00e4 Mom\u00e4nt f\u00fcr immer fescht halt\u00e4: Portr\u00e4\u00e4-Bilder, Erinnerige a de sch\u00f6nschti Tag, \u00e4s Baby- oder Familie-Shooting wie au Reportasch\u00e4.\",\"breadcrumb\":{\"@id\":\"https:\\\/\\\/www.xn--ninaklin-4za.ch\\\/#breadcrumb\"},\"inLanguage\":\"de\",\"potentialAction\":[{\"@type\":\"ReadAction\",\"target\":[\"https:\\\/\\\/www.xn--ninaklin-4za.ch\\\/\"]}]},{\"@type\":\"ImageObject\",\"inLanguage\":\"de\",\"@id\":\"https:\\\/\\\/www.xn--ninaklin-4za.ch\\\/#primaryimage\",\"url\":\"https:\\\/\\\/www.xn--ninaklin-4za.ch\\\/wp-content\\\/uploads\\\/nina-kaelin-fotografie-sabrina-und-mirco-10_home.jpg\",\"contentUrl\":\"https:\\\/\\\/www.xn--ninaklin-4za.ch\\\/wp-content\\\/uploads\\\/nina-kaelin-fotografie-sabrina-und-mirco-10_home.jpg\",\"width\":2000,\"height\":1333},{\"@type\":\"BreadcrumbList\",\"@id\":\"https:\\\/\\\/www.xn--ninaklin-4za.ch\\\/#breadcrumb\",\"itemListElement\":[{\"@type\":\"ListItem\",\"position\":1,\"name\":\"Home\",\"item\":\"https:\\\/\\\/www.xn--ninaklin-4za.ch\\\/\"},{\"@type\":\"ListItem\",\"position\":2,\"name\":\"Willkomm\u00e4\"}]},{\"@type\":\"WebSite\",\"@id\":\"https:\\\/\\\/www.xn--ninaklin-4za.ch\\\/#website\",\"url\":\"https:\\\/\\\/www.xn--ninaklin-4za.ch\\\/\",\"name\":\"NinArt - Nina K\u00e4lin Fotografie\",\"description\":\"...der Schl\u00fcssel zum Bild\",\"potentialAction\":[{\"@type\":\"SearchAction\",\"target\":{\"@type\":\"EntryPoint\",\"urlTemplate\":\"https:\\\/\\\/www.xn--ninaklin-4za.ch\\\/?s={search_term_string}\"},\"query-input\":{\"@type\":\"PropertyValueSpecification\",\"valueRequired\":true,\"valueName\":\"search_term_string\"}}],\"inLanguage\":\"de\"}]}<\/script>\n<!-- \/ Yoast SEO plugin. -->","yoast_head_json":{"title":"Willkomm\u00e4 bi NinArt, Nina K\u00e4lin - d\u00e4 Schl\u00fcssel zum Bild","description":"Mit viel Freud tue ich d\u00e4 Mom\u00e4nt f\u00fcr immer fescht halt\u00e4: Portr\u00e4\u00e4-Bilder, Erinnerige a de sch\u00f6nschti Tag, \u00e4s Baby- oder Familie-Shooting wie au Reportasch\u00e4.","robots":{"index":"index","follow":"follow","max-snippet":"max-snippet:-1","max-image-preview":"max-image-preview:large","max-video-preview":"max-video-preview:-1"},"canonical":"https:\/\/www.xn--ninaklin-4za.ch\/de\/","og_locale":"de_DE","og_type":"article","og_title":"Willkomm\u00e4 bi NinArt, Nina K\u00e4lin - d\u00e4 Schl\u00fcssel zum Bild","og_description":"Mit viel Freud tue ich d\u00e4 Mom\u00e4nt f\u00fcr immer fescht halt\u00e4: Portr\u00e4\u00e4-Bilder, Erinnerige a de sch\u00f6nschti Tag, \u00e4s Baby- oder Familie-Shooting wie au Reportasch\u00e4.","og_url":"https:\/\/www.xn--ninaklin-4za.ch\/de\/","og_site_name":"NinArt - Nina K\u00e4lin Fotografie","article_modified_time":"2023-12-14T10:00:13+00:00","og_image":[{"width":2000,"height":1333,"url":"https:\/\/www.xn--ninaklin-4za.ch\/wp-content\/uploads\/nina-kaelin-fotografie-sabrina-und-mirco-10_home.jpg","type":"image\/jpeg"}],"twitter_card":"summary_large_image","twitter_misc":{"Gesch\u00e4tzte Lesezeit":"2\u00a0Minuten"},"schema":{"@context":"https:\/\/schema.org","@graph":[{"@type":"WebPage","@id":"https:\/\/www.xn--ninaklin-4za.ch\/","url":"https:\/\/www.xn--ninaklin-4za.ch\/","name":"Willkomm\u00e4 bi NinArt, Nina K\u00e4lin - d\u00e4 Schl\u00fcssel zum Bild","isPartOf":{"@id":"https:\/\/www.xn--ninaklin-4za.ch\/#website"},"primaryImageOfPage":{"@id":"https:\/\/www.xn--ninaklin-4za.ch\/#primaryimage"},"image":{"@id":"https:\/\/www.xn--ninaklin-4za.ch\/#primaryimage"},"thumbnailUrl":"https:\/\/www.xn--ninaklin-4za.ch\/wp-content\/uploads\/nina-kaelin-fotografie-sabrina-und-mirco-10_home.jpg","datePublished":"2015-11-14T08:58:38+00:00","dateModified":"2023-12-14T10:00:13+00:00","description":"Mit viel Freud tue ich d\u00e4 Mom\u00e4nt f\u00fcr immer fescht halt\u00e4: Portr\u00e4\u00e4-Bilder, Erinnerige a de sch\u00f6nschti Tag, \u00e4s Baby- oder Familie-Shooting wie au Reportasch\u00e4.","breadcrumb":{"@id":"https:\/\/www.xn--ninaklin-4za.ch\/#breadcrumb"},"inLanguage":"de","potentialAction":[{"@type":"ReadAction","target":["https:\/\/www.xn--ninaklin-4za.ch\/"]}]},{"@type":"ImageObject","inLanguage":"de","@id":"https:\/\/www.xn--ninaklin-4za.ch\/#primaryimage","url":"https:\/\/www.xn--ninaklin-4za.ch\/wp-content\/uploads\/nina-kaelin-fotografie-sabrina-und-mirco-10_home.jpg","contentUrl":"https:\/\/www.xn--ninaklin-4za.ch\/wp-content\/uploads\/nina-kaelin-fotografie-sabrina-und-mirco-10_home.jpg","width":2000,"height":1333},{"@type":"BreadcrumbList","@id":"https:\/\/www.xn--ninaklin-4za.ch\/#breadcrumb","itemListElement":[{"@type":"ListItem","position":1,"name":"Home","item":"https:\/\/www.xn--ninaklin-4za.ch\/"},{"@type":"ListItem","position":2,"name":"Willkomm\u00e4"}]},{"@type":"WebSite","@id":"https:\/\/www.xn--ninaklin-4za.ch\/#website","url":"https:\/\/www.xn--ninaklin-4za.ch\/","name":"NinArt - Nina K\u00e4lin Fotografie","description":"...der Schl\u00fcssel zum Bild","potentialAction":[{"@type":"SearchAction","target":{"@type":"EntryPoint","urlTemplate":"https:\/\/www.xn--ninaklin-4za.ch\/?s={search_term_string}"},"query-input":{"@type":"PropertyValueSpecification","valueRequired":true,"valueName":"search_term_string"}}],"inLanguage":"de"}]}},"_links":{"self":[{"href":"https:\/\/www.xn--ninaklin-4za.ch\/de\/wp-json\/wp\/v2\/pages\/7","targetHints":{"allow":["GET"]}}],"collection":[{"href":"https:\/\/www.xn--ninaklin-4za.ch\/de\/wp-json\/wp\/v2\/pages"}],"about":[{"href":"https:\/\/www.xn--ninaklin-4za.ch\/de\/wp-json\/wp\/v2\/types\/page"}],"author":[{"embeddable":true,"href":"https:\/\/www.xn--ninaklin-4za.ch\/de\/wp-json\/wp\/v2\/users\/2"}],"replies":[{"embeddable":true,"href":"https:\/\/www.xn--ninaklin-4za.ch\/de\/wp-json\/wp\/v2\/comments?post=7"}],"version-history":[{"count":33,"href":"https:\/\/www.xn--ninaklin-4za.ch\/de\/wp-json\/wp\/v2\/pages\/7\/revisions"}],"predecessor-version":[{"id":4727,"href":"https:\/\/www.xn--ninaklin-4za.ch\/de\/wp-json\/wp\/v2\/pages\/7\/revisions\/4727"}],"wp:featuredmedia":[{"embeddable":true,"href":"https:\/\/www.xn--ninaklin-4za.ch\/de\/wp-json\/wp\/v2\/media\/5002"}],"wp:attachment":[{"href":"https:\/\/www.xn--ninaklin-4za.ch\/de\/wp-json\/wp\/v2\/media?parent=7"}],"curies":[{"name":"wp","href":"https:\/\/api.w.org\/{rel}","templated":true}]}}