{"id":1287,"date":"2018-12-04T16:25:05","date_gmt":"2018-12-04T14:25:05","guid":{"rendered":"https:\/\/www.xn--ninaklin-4za.ch\/?page_id=1287"},"modified":"2023-12-19T14:38:51","modified_gmt":"2023-12-19T13:38:51","slug":"datenschutzerklaerung","status":"publish","type":"page","link":"https:\/\/www.xn--ninaklin-4za.ch\/de\/datenschutzerklaerung","title":{"rendered":"Datenschutzerkl\u00e4rung"},"content":{"rendered":"<p><div class=\"fusion-fullwidth fullwidth-box fusion-builder-row-1 nonhundred-percent-fullwidth non-hundred-percent-height-scrolling icon_nina\" style=\"--awb-border-radius-top-left:0px;--awb-border-radius-top-right:0px;--awb-border-radius-bottom-right:0px;--awb-border-radius-bottom-left:0px;--awb-padding-top:0px;--awb-padding-right:0px;--awb-padding-bottom:0px;--awb-padding-left:0px;--awb-margin-top:0px;--awb-margin-bottom:0px;--awb-background-color:rgba(248,238,236,0);--awb-flex-wrap:wrap;\" ><div class=\"fusion-builder-row fusion-row\"><div class=\"fusion-layout-column fusion_builder_column fusion-builder-column-0 fusion_builder_column_1_1 1_1 fusion-one-full fusion-column-first fusion-column-last\" style=\"--awb-bg-size:cover;\"><div class=\"fusion-column-wrapper fusion-flex-column-wrapper-legacy\"><div class=\"fusion-image-element fusion-image-align-center in-legacy-container\" style=\"text-align:center;--awb-margin-top:3px;--awb-max-width:170px;--awb-caption-title-font-family:var(--h2_typography-font-family);--awb-caption-title-font-weight:var(--h2_typography-font-weight);--awb-caption-title-font-style:var(--h2_typography-font-style);--awb-caption-title-size:var(--h2_typography-font-size);--awb-caption-title-transform:var(--h2_typography-text-transform);--awb-caption-title-line-height:var(--h2_typography-line-height);--awb-caption-title-letter-spacing:var(--h2_typography-letter-spacing);\"><div class=\"imageframe-align-center\"><span class=\"fusion-imageframe imageframe-none imageframe-1 hover-type-none\"><a class=\"fusion-no-lightbox\" href=\"https:\/\/www.xn--ninaklin-4za.ch\/de\/\" target=\"_self\"><img decoding=\"async\" width=\"2163\" height=\"2858\" src=\"https:\/\/www.xn--ninaklin-4za.ch\/wp-content\/uploads\/Logo_Ninart-2023_RBG.png\" alt class=\"img-responsive wp-image-4478\" srcset=\"https:\/\/www.xn--ninaklin-4za.ch\/wp-content\/uploads\/Logo_Ninart-2023_RBG-200x264.png 200w, https:\/\/www.xn--ninaklin-4za.ch\/wp-content\/uploads\/Logo_Ninart-2023_RBG-400x529.png 400w, https:\/\/www.xn--ninaklin-4za.ch\/wp-content\/uploads\/Logo_Ninart-2023_RBG-600x793.png 600w, https:\/\/www.xn--ninaklin-4za.ch\/wp-content\/uploads\/Logo_Ninart-2023_RBG-800x1057.png 800w, https:\/\/www.xn--ninaklin-4za.ch\/wp-content\/uploads\/Logo_Ninart-2023_RBG-1200x1586.png 1200w, https:\/\/www.xn--ninaklin-4za.ch\/wp-content\/uploads\/Logo_Ninart-2023_RBG.png 2163w\" sizes=\"(max-width: 800px) 100vw, 1200px\" \/><\/a><\/span><\/div><\/div><div class=\"fusion-clearfix\"><\/div><\/div><\/div><\/div><\/div><div class=\"fusion-fullwidth fullwidth-box fusion-builder-row-2 has-pattern-background has-mask-background nonhundred-percent-fullwidth non-hundred-percent-height-scrolling\" style=\"--awb-border-radius-top-left:0px;--awb-border-radius-top-right:0px;--awb-border-radius-bottom-right:0px;--awb-border-radius-bottom-left:0px;--awb-padding-top:50px;--awb-background-color:#f2efec;--awb-flex-wrap:wrap;\" ><div class=\"fusion-builder-row fusion-row\"><div class=\"fusion-layout-column fusion_builder_column fusion-builder-column-1 fusion_builder_column_1_1 1_1 fusion-one-full fusion-column-first fusion-column-last nia_column_intro_responsive\" style=\"--awb-padding-right:15%;--awb-padding-left:15%;--awb-bg-size:cover;\" data-scroll-devices=\"small-visibility,medium-visibility,large-visibility\"><div class=\"fusion-column-wrapper fusion-column-has-shadow fusion-flex-column-wrapper-legacy\"><div class=\"fusion-text fusion-text-1\"><h1 style=\"text-align: center;\">Datenschutzerkl\u00e4rung<\/h1>\n<\/div><div class=\"fusion-image-element fusion-image-align-center in-legacy-container\" style=\"text-align:center;--awb-max-width:150px;--awb-caption-title-font-family:var(--h2_typography-font-family);--awb-caption-title-font-weight:var(--h2_typography-font-weight);--awb-caption-title-font-style:var(--h2_typography-font-style);--awb-caption-title-size:var(--h2_typography-font-size);--awb-caption-title-transform:var(--h2_typography-text-transform);--awb-caption-title-line-height:var(--h2_typography-line-height);--awb-caption-title-letter-spacing:var(--h2_typography-letter-spacing);\"><div class=\"imageframe-align-center\"><span class=\"fusion-imageframe imageframe-none imageframe-2 hover-type-none\"><img decoding=\"async\" width=\"824\" height=\"211\" src=\"https:\/\/www.xn--ninaklin-4za.ch\/wp-content\/uploads\/NinArt-Trenner3.png\" alt class=\"img-responsive wp-image-4487\" srcset=\"https:\/\/www.xn--ninaklin-4za.ch\/wp-content\/uploads\/NinArt-Trenner3-200x51.png 200w, https:\/\/www.xn--ninaklin-4za.ch\/wp-content\/uploads\/NinArt-Trenner3-400x102.png 400w, https:\/\/www.xn--ninaklin-4za.ch\/wp-content\/uploads\/NinArt-Trenner3-600x154.png 600w, https:\/\/www.xn--ninaklin-4za.ch\/wp-content\/uploads\/NinArt-Trenner3-800x205.png 800w, https:\/\/www.xn--ninaklin-4za.ch\/wp-content\/uploads\/NinArt-Trenner3.png 824w\" sizes=\"(max-width: 800px) 100vw, 824px\" \/><\/span><\/div><\/div><div class=\"fusion-reading-box-container reading-box-container-1\" style=\"--awb-title-color:rgba(64,63,77,0.9);--awb-title-line-height:1px;--awb-margin-top:0px;--awb-margin-bottom:0px;\"><div class=\"reading-box reading-box-center\" style=\"background-color:rgba(246,246,246,0);border-width:0px;border-color:#f6f6f6;border-style:solid;\"><div class=\"reading-box-additional\">\n<p><strong>Verantwortliche Stelle im Sinne der Datenschutzgesetze<\/strong><strong>:<\/strong><\/p>\n<p>Nina K\u00e4lin<\/p>\n<p>NinArt<br \/>\nJessenenstrasse 5<br \/>\n8843 Oberiberg<\/p>\n<p>079 454 83 47<br \/>\n<a href=\"mailto:nina@kaelin.li\">nina@kaelin.li<\/a><\/p>\n<\/div><div class=\"fusion-clearfix\"><\/div><\/div><\/div><div class=\"fusion-image-element fusion-image-align-center in-legacy-container\" style=\"text-align:center;--awb-max-width:150px;--awb-caption-title-font-family:var(--h2_typography-font-family);--awb-caption-title-font-weight:var(--h2_typography-font-weight);--awb-caption-title-font-style:var(--h2_typography-font-style);--awb-caption-title-size:var(--h2_typography-font-size);--awb-caption-title-transform:var(--h2_typography-text-transform);--awb-caption-title-line-height:var(--h2_typography-line-height);--awb-caption-title-letter-spacing:var(--h2_typography-letter-spacing);\"><div class=\"imageframe-align-center\"><span class=\"fusion-imageframe imageframe-none imageframe-3 hover-type-none\"><img decoding=\"async\" width=\"1973\" height=\"129\" src=\"https:\/\/www.xn--ninaklin-4za.ch\/wp-content\/uploads\/NinArt-Trenner-klein2.png\" alt class=\"img-responsive wp-image-4511\" srcset=\"https:\/\/www.xn--ninaklin-4za.ch\/wp-content\/uploads\/NinArt-Trenner-klein2-200x13.png 200w, https:\/\/www.xn--ninaklin-4za.ch\/wp-content\/uploads\/NinArt-Trenner-klein2-400x26.png 400w, https:\/\/www.xn--ninaklin-4za.ch\/wp-content\/uploads\/NinArt-Trenner-klein2-600x39.png 600w, https:\/\/www.xn--ninaklin-4za.ch\/wp-content\/uploads\/NinArt-Trenner-klein2-800x52.png 800w, https:\/\/www.xn--ninaklin-4za.ch\/wp-content\/uploads\/NinArt-Trenner-klein2-1200x78.png 1200w, https:\/\/www.xn--ninaklin-4za.ch\/wp-content\/uploads\/NinArt-Trenner-klein2.png 1973w\" sizes=\"(max-width: 800px) 100vw, 1200px\" \/><\/span><\/div><\/div><div class=\"fusion-sep-clear\"><\/div><div class=\"fusion-separator fusion-full-width-sep\" style=\"margin-left: auto;margin-right: auto;margin-bottom:150px;width:100%;\"><\/div><div class=\"fusion-sep-clear\"><\/div>\n \n<script src=\"https:\/\/www.privacybee.ch\/widget.js\"><\/script>\n<privacybee-widget website-id=\"cllwet5q344651202iwmvkx4g8\" lang=\"de\"><\/privacybee-widget>\n\n<div class=\"fusion-sep-clear\"><\/div><div class=\"fusion-separator fusion-full-width-sep\" style=\"margin-left: auto;margin-right: auto;margin-top:20px;margin-bottom:20px;width:100%;\"><\/div><div class=\"fusion-sep-clear\"><\/div><div class=\"fusion-clearfix\"><\/div><\/div><\/div><\/div><\/div><\/p>","protected":false},"excerpt":{"rendered":"","protected":false},"author":2,"featured_media":0,"parent":0,"menu_order":99,"comment_status":"closed","ping_status":"closed","template":"100-width.php","meta":{"footnotes":""},"class_list":["post-1287","page","type-page","status-publish","hentry"],"yoast_head":"<!-- This site is optimized with the Yoast SEO plugin v27.3 - https:\/\/yoast.com\/product\/yoast-seo-wordpress\/ -->\n<title>Dateschutzerkl\u00e4rig vo NinArt, Nina K\u00e4lin - d\u00e4 Schl\u00fcssel zum Bild<\/title>\n<meta name=\"description\" content=\"Mit viel Freud tue ich d\u00e4 Mom\u00e4nt f\u00fcr immer fescht halt\u00e4: Portr\u00e4\u00e4-Bilder, Erinnerige a de sch\u00f6nschti Tag, \u00e4s Baby- oder Familie-Shooting wie au Reportasch\u00e4.\" \/>\n<meta name=\"robots\" content=\"index, follow, max-snippet:-1, max-image-preview:large, max-video-preview:-1\" \/>\n<link rel=\"canonical\" href=\"https:\/\/www.xn--ninaklin-4za.ch\/de\/datenschutzerklaerung\/\" \/>\n<meta property=\"og:locale\" content=\"de_DE\" \/>\n<meta property=\"og:type\" content=\"article\" \/>\n<meta property=\"og:title\" content=\"Dateschutzerkl\u00e4rig vo NinArt, Nina K\u00e4lin - d\u00e4 Schl\u00fcssel zum Bild\" \/>\n<meta property=\"og:description\" content=\"Mit viel Freud tue ich d\u00e4 Mom\u00e4nt f\u00fcr immer fescht halt\u00e4: Portr\u00e4\u00e4-Bilder, Erinnerige a de sch\u00f6nschti Tag, \u00e4s Baby- oder Familie-Shooting wie au Reportasch\u00e4.\" \/>\n<meta property=\"og:url\" content=\"https:\/\/www.xn--ninaklin-4za.ch\/de\/datenschutzerklaerung\/\" \/>\n<meta property=\"og:site_name\" content=\"NinArt - Nina K\u00e4lin Fotografie\" \/>\n<meta property=\"article:modified_time\" content=\"2023-12-19T13:38:51+00:00\" \/>\n<meta name=\"twitter:card\" content=\"summary_large_image\" \/>\n<meta name=\"twitter:label1\" content=\"Gesch\u00e4tzte Lesezeit\" \/>\n\t<meta name=\"twitter:data1\" content=\"1\u00a0Minute\" \/>\n<script type=\"application\/ld+json\" class=\"yoast-schema-graph\">{\"@context\":\"https:\\\/\\\/schema.org\",\"@graph\":[{\"@type\":\"WebPage\",\"@id\":\"https:\\\/\\\/www.xn--ninaklin-4za.ch\\\/datenschutzerklaerung\",\"url\":\"https:\\\/\\\/www.xn--ninaklin-4za.ch\\\/datenschutzerklaerung\",\"name\":\"Dateschutzerkl\u00e4rig vo NinArt, Nina K\u00e4lin - d\u00e4 Schl\u00fcssel zum Bild\",\"isPartOf\":{\"@id\":\"https:\\\/\\\/www.xn--ninaklin-4za.ch\\\/#website\"},\"datePublished\":\"2018-12-04T14:25:05+00:00\",\"dateModified\":\"2023-12-19T13:38:51+00:00\",\"description\":\"Mit viel Freud tue ich d\u00e4 Mom\u00e4nt f\u00fcr immer fescht halt\u00e4: Portr\u00e4\u00e4-Bilder, Erinnerige a de sch\u00f6nschti Tag, \u00e4s Baby- oder Familie-Shooting wie au Reportasch\u00e4.\",\"breadcrumb\":{\"@id\":\"https:\\\/\\\/www.xn--ninaklin-4za.ch\\\/datenschutzerklaerung#breadcrumb\"},\"inLanguage\":\"de\",\"potentialAction\":[{\"@type\":\"ReadAction\",\"target\":[\"https:\\\/\\\/www.xn--ninaklin-4za.ch\\\/datenschutzerklaerung\"]}]},{\"@type\":\"BreadcrumbList\",\"@id\":\"https:\\\/\\\/www.xn--ninaklin-4za.ch\\\/datenschutzerklaerung#breadcrumb\",\"itemListElement\":[{\"@type\":\"ListItem\",\"position\":1,\"name\":\"Home\",\"item\":\"https:\\\/\\\/www.xn--ninaklin-4za.ch\\\/\"},{\"@type\":\"ListItem\",\"position\":2,\"name\":\"Datenschutzerkl\u00e4rung\"}]},{\"@type\":\"WebSite\",\"@id\":\"https:\\\/\\\/www.xn--ninaklin-4za.ch\\\/#website\",\"url\":\"https:\\\/\\\/www.xn--ninaklin-4za.ch\\\/\",\"name\":\"NinArt - Nina K\u00e4lin Fotografie\",\"description\":\"...der Schl\u00fcssel zum Bild\",\"potentialAction\":[{\"@type\":\"SearchAction\",\"target\":{\"@type\":\"EntryPoint\",\"urlTemplate\":\"https:\\\/\\\/www.xn--ninaklin-4za.ch\\\/?s={search_term_string}\"},\"query-input\":{\"@type\":\"PropertyValueSpecification\",\"valueRequired\":true,\"valueName\":\"search_term_string\"}}],\"inLanguage\":\"de\"}]}<\/script>\n<!-- \/ Yoast SEO plugin. -->","yoast_head_json":{"title":"Dateschutzerkl\u00e4rig vo NinArt, Nina K\u00e4lin - d\u00e4 Schl\u00fcssel zum Bild","description":"Mit viel Freud tue ich d\u00e4 Mom\u00e4nt f\u00fcr immer fescht halt\u00e4: Portr\u00e4\u00e4-Bilder, Erinnerige a de sch\u00f6nschti Tag, \u00e4s Baby- oder Familie-Shooting wie au Reportasch\u00e4.","robots":{"index":"index","follow":"follow","max-snippet":"max-snippet:-1","max-image-preview":"max-image-preview:large","max-video-preview":"max-video-preview:-1"},"canonical":"https:\/\/www.xn--ninaklin-4za.ch\/de\/datenschutzerklaerung\/","og_locale":"de_DE","og_type":"article","og_title":"Dateschutzerkl\u00e4rig vo NinArt, Nina K\u00e4lin - d\u00e4 Schl\u00fcssel zum Bild","og_description":"Mit viel Freud tue ich d\u00e4 Mom\u00e4nt f\u00fcr immer fescht halt\u00e4: Portr\u00e4\u00e4-Bilder, Erinnerige a de sch\u00f6nschti Tag, \u00e4s Baby- oder Familie-Shooting wie au Reportasch\u00e4.","og_url":"https:\/\/www.xn--ninaklin-4za.ch\/de\/datenschutzerklaerung\/","og_site_name":"NinArt - Nina K\u00e4lin Fotografie","article_modified_time":"2023-12-19T13:38:51+00:00","twitter_card":"summary_large_image","twitter_misc":{"Gesch\u00e4tzte Lesezeit":"1\u00a0Minute"},"schema":{"@context":"https:\/\/schema.org","@graph":[{"@type":"WebPage","@id":"https:\/\/www.xn--ninaklin-4za.ch\/datenschutzerklaerung","url":"https:\/\/www.xn--ninaklin-4za.ch\/datenschutzerklaerung","name":"Dateschutzerkl\u00e4rig vo NinArt, Nina K\u00e4lin - d\u00e4 Schl\u00fcssel zum Bild","isPartOf":{"@id":"https:\/\/www.xn--ninaklin-4za.ch\/#website"},"datePublished":"2018-12-04T14:25:05+00:00","dateModified":"2023-12-19T13:38:51+00:00","description":"Mit viel Freud tue ich d\u00e4 Mom\u00e4nt f\u00fcr immer fescht halt\u00e4: Portr\u00e4\u00e4-Bilder, Erinnerige a de sch\u00f6nschti Tag, \u00e4s Baby- oder Familie-Shooting wie au Reportasch\u00e4.","breadcrumb":{"@id":"https:\/\/www.xn--ninaklin-4za.ch\/datenschutzerklaerung#breadcrumb"},"inLanguage":"de","potentialAction":[{"@type":"ReadAction","target":["https:\/\/www.xn--ninaklin-4za.ch\/datenschutzerklaerung"]}]},{"@type":"BreadcrumbList","@id":"https:\/\/www.xn--ninaklin-4za.ch\/datenschutzerklaerung#breadcrumb","itemListElement":[{"@type":"ListItem","position":1,"name":"Home","item":"https:\/\/www.xn--ninaklin-4za.ch\/"},{"@type":"ListItem","position":2,"name":"Datenschutzerkl\u00e4rung"}]},{"@type":"WebSite","@id":"https:\/\/www.xn--ninaklin-4za.ch\/#website","url":"https:\/\/www.xn--ninaklin-4za.ch\/","name":"NinArt - Nina K\u00e4lin Fotografie","description":"...der Schl\u00fcssel zum Bild","potentialAction":[{"@type":"SearchAction","target":{"@type":"EntryPoint","urlTemplate":"https:\/\/www.xn--ninaklin-4za.ch\/?s={search_term_string}"},"query-input":{"@type":"PropertyValueSpecification","valueRequired":true,"valueName":"search_term_string"}}],"inLanguage":"de"}]}},"_links":{"self":[{"href":"https:\/\/www.xn--ninaklin-4za.ch\/de\/wp-json\/wp\/v2\/pages\/1287","targetHints":{"allow":["GET"]}}],"collection":[{"href":"https:\/\/www.xn--ninaklin-4za.ch\/de\/wp-json\/wp\/v2\/pages"}],"about":[{"href":"https:\/\/www.xn--ninaklin-4za.ch\/de\/wp-json\/wp\/v2\/types\/page"}],"author":[{"embeddable":true,"href":"https:\/\/www.xn--ninaklin-4za.ch\/de\/wp-json\/wp\/v2\/users\/2"}],"replies":[{"embeddable":true,"href":"https:\/\/www.xn--ninaklin-4za.ch\/de\/wp-json\/wp\/v2\/comments?post=1287"}],"version-history":[{"count":12,"href":"https:\/\/www.xn--ninaklin-4za.ch\/de\/wp-json\/wp\/v2\/pages\/1287\/revisions"}],"predecessor-version":[{"id":5046,"href":"https:\/\/www.xn--ninaklin-4za.ch\/de\/wp-json\/wp\/v2\/pages\/1287\/revisions\/5046"}],"wp:attachment":[{"href":"https:\/\/www.xn--ninaklin-4za.ch\/de\/wp-json\/wp\/v2\/media?parent=1287"}],"curies":[{"name":"wp","href":"https:\/\/api.w.org\/{rel}","templated":true}]}}